{"id":77,"date":"2024-02-23T11:18:08","date_gmt":"2024-02-23T10:18:08","guid":{"rendered":"https:\/\/terra-go.lu\/?page_id=77"},"modified":"2024-02-23T13:48:47","modified_gmt":"2024-02-23T12:48:47","slug":"partners","status":"publish","type":"page","link":"https:\/\/terra-go.lu\/?page_id=77","title":{"rendered":"Partenaires"},"content":{"rendered":"\n<div class=\"wp-block-group alignfull has-global-padding is-layout-constrained wp-block-group-is-layout-constrained\">\n<div class=\"wp-block-columns alignfull is-layout-flex wp-container-core-columns-is-layout-6b276c36 wp-block-columns-is-layout-flex\">\n<div class=\"wp-block-column is-layout-flow wp-block-column-is-layout-flow\" style=\"padding-right:1rem;padding-left:1rem\">\n<figure class=\"wp-block-image size-full\"><img loading=\"lazy\" decoding=\"async\" width=\"750\" height=\"443\" src=\"https:\/\/terra-go.lu\/wp-content\/uploads\/2024\/02\/T4-1.jpg\" alt=\"\" class=\"wp-image-78\" srcset=\"https:\/\/terra-go.lu\/wp-content\/uploads\/2024\/02\/T4-1.jpg 750w, https:\/\/terra-go.lu\/wp-content\/uploads\/2024\/02\/T4-1-300x177.jpg 300w\" sizes=\"auto, (max-width: 750px) 100vw, 750px\" \/><\/figure>\n<\/div>\n\n\n\n<div class=\"wp-block-column is-layout-flow wp-block-column-is-layout-flow\" style=\"border-style:none;border-width:0rem;padding-right:2rem;padding-left:2rem\">\n<p class=\"has-small-font-size\">Depuis sa cr\u00e9ation en 2008, la soci\u00e9t\u00e9 travaille en \u00e9troite collaboration avec le Groupe L.S.C.<br>Ce partenariat nous permet de r\u00e9unir les comp\u00e9tences de chaque soci\u00e9t\u00e9 afin d\u2019offir \u00e0 la client\u00e8le le service d\u2019une \u00e9quipe pluridisciplinaire, comp\u00e9tente dans toutes les questions, m\u00eame les plus complexes, qui surviennent lors d\u2019un projet d\u2019am\u00e9nagement foncier ou immobilier.<\/p>\n\n\n\n<figure class=\"wp-block-image size-full\"><a href=\"https:\/\/lsc-group.lu\/\"><img loading=\"lazy\" decoding=\"async\" width=\"337\" height=\"106\" src=\"https:\/\/terra-go.lu\/wp-content\/uploads\/2024\/02\/lsc_engineering.png\" alt=\"\" class=\"wp-image-119\" srcset=\"https:\/\/terra-go.lu\/wp-content\/uploads\/2024\/02\/lsc_engineering.png 337w, https:\/\/terra-go.lu\/wp-content\/uploads\/2024\/02\/lsc_engineering-300x94.png 300w\" sizes=\"auto, (max-width: 337px) 100vw, 337px\" \/><\/a><\/figure>\n<\/div>\n<\/div>\n<\/div>\n","protected":false},"excerpt":{"rendered":"<p>Depuis sa cr\u00e9ation en 2008, la soci\u00e9t\u00e9 travaille en \u00e9troite collaboration avec le Groupe L.S.C.Ce partenariat nous permet de r\u00e9unir les comp\u00e9tences de chaque soci\u00e9t\u00e9 afin d\u2019offir \u00e0 la client\u00e8le le service d\u2019une \u00e9quipe pluridisciplinaire, comp\u00e9tente dans toutes les questions, m\u00eame les plus complexes, qui surviennent lors d\u2019un projet d\u2019am\u00e9nagement foncier ou immobilier.<\/p>\n","protected":false},"author":1,"featured_media":0,"parent":0,"menu_order":0,"comment_status":"closed","ping_status":"closed","template":"page-no-title","meta":{"footnotes":""},"class_list":["post-77","page","type-page","status-publish","hentry"],"_links":{"self":[{"href":"https:\/\/terra-go.lu\/index.php?rest_route=\/wp\/v2\/pages\/77","targetHints":{"allow":["GET"]}}],"collection":[{"href":"https:\/\/terra-go.lu\/index.php?rest_route=\/wp\/v2\/pages"}],"about":[{"href":"https:\/\/terra-go.lu\/index.php?rest_route=\/wp\/v2\/types\/page"}],"author":[{"embeddable":true,"href":"https:\/\/terra-go.lu\/index.php?rest_route=\/wp\/v2\/users\/1"}],"replies":[{"embeddable":true,"href":"https:\/\/terra-go.lu\/index.php?rest_route=%2Fwp%2Fv2%2Fcomments&post=77"}],"version-history":[{"count":6,"href":"https:\/\/terra-go.lu\/index.php?rest_route=\/wp\/v2\/pages\/77\/revisions"}],"predecessor-version":[{"id":121,"href":"https:\/\/terra-go.lu\/index.php?rest_route=\/wp\/v2\/pages\/77\/revisions\/121"}],"wp:attachment":[{"href":"https:\/\/terra-go.lu\/index.php?rest_route=%2Fwp%2Fv2%2Fmedia&parent=77"}],"curies":[{"name":"wp","href":"https:\/\/api.w.org\/{rel}","templated":true}]}}